{"id":14351,"date":"2020-01-15T10:05:20","date_gmt":"2020-01-15T09:05:20","guid":{"rendered":"https:\/\/www.locomail.nl\/?page_id=14351"},"modified":"2025-09-10T11:32:54","modified_gmt":"2025-09-10T09:32:54","slug":"pop-up-kaart-uit-een-deel","status":"publish","type":"page","link":"https:\/\/www.locomail.nl\/en\/direct-mail\/pop-up-cards\/pop-up-card-from-one-section\/","title":{"rendered":"Pop-up Card in one part"},"content":{"rendered":"<section class=\"wpb-content-wrapper\"><div class=\"vc_row wpb_row row top-row vc_custom_1679056152399\"><div class=\"vc_column_container col-md-6\"><div class=\"wpb_wrapper vc_column-inner\">\n\t<div class=\"wpb_text_column wpb_content_element\" >\n\t\t<div class=\"wpb_wrapper\">\n\t\t\t<nav  aria-label=\"breadcrumb\"><ol class=\"breadcrumb\"><li class=\"breadcrumb-item active\" aria-current=\"page\"><span>Home<\/span><\/li><\/ol><\/nav>\n\n\t\t<\/div>\n\t<\/div>\n<div class=\"porto-u-heading  wpb_custom_01d18e82b2dfbd98d3bdbc998ef6dba0 porto-u-3131\"><div class=\"porto-u-main-heading\"><h1   style=\"color:#444444;margin-bottom: 20px;\">One-piece pop-up card<\/h1><\/div><style>.porto-u-3131.porto-u-heading{text-align:left}<\/style><\/div>\n\t<div class=\"wpb_text_column wpb_content_element\" >\n\t\t<div class=\"wpb_wrapper\">\n\t\t\t<p>A one-piece Pop-up Card, that's your direct mail at a low price! The <a href=\"https:\/\/www.locomail.nl\/en\/direct-mail\/pop-up-cards\/\">budget Pop-up Card<\/a> is fully printable in full colour. As the card is made in one piece, it has a fine appearance with a natural effect. You can design the pop-up element in any shape you like. In the example, a Christmas tree has been used, making this direct mail product also very suitable I for Christmas! Both the outside and the inside can be personalised. Interested in the one-piece Pop-up Card? Ask for a free demo pack below or request a no-obligation quote to take a look at <a href=\"https:\/\/www.locomail.nl\/en\/direct-mail\/\">your own mailing<\/a> Gives.<\/p>\n\n\t\t<\/div>\n\t<\/div>\n<div class=\"vc_row wpb_row vc_inner row\"><div class=\"vc_column_container col-md-6\"><div class=\"wpb_wrapper vc_column-inner\">\r\n\t<div class=\"wpb_single_image wpb_content_element vc_align_left\">\r\n\t\t<div class=\"wpb_wrapper\">\r\n\t\t\t\r\n\t\t\t<a href=\"https:\/\/www.locomail.nl\/en\/direct-mail-application\/?aanvraag=Sample-Box\" target=\"_self\"><div class=\"vc_single_image-wrapper   vc_box_border_grey\"><img loading=\"lazy\" decoding=\"async\" width=\"404\" height=\"180\" src=\"https:\/\/www.locomail.nl\/wp-content\/uploads\/2024\/01\/locomail-sample-button.png\" class=\"vc_single_image-img attachment-full\" alt=\"Locomail button to request sample box\" title=\"Order a free sample pack!\" srcset=\"https:\/\/www.locomail.nl\/wp-content\/uploads\/2024\/01\/locomail-sample-button.png 404w, https:\/\/www.locomail.nl\/wp-content\/uploads\/2024\/01\/locomail-sample-button-400x178.png 400w, https:\/\/www.locomail.nl\/wp-content\/uploads\/2024\/01\/locomail-sample-button-367x164.png 367w\" sizes=\"auto, (max-width: 404px) 100vw, 404px\" \/><\/div><\/a>\r\n\t\t<\/div>\r\n\t<\/div>\r\n<\/div><\/div><div class=\"vc_column_container col-md-6\"><div class=\"wpb_wrapper vc_column-inner\">\r\n\t<div class=\"wpb_single_image wpb_content_element vc_align_left\">\r\n\t\t<div class=\"wpb_wrapper\">\r\n\t\t\t\r\n\t\t\t<a href=\"https:\/\/www.locomail.nl\/en\/direct-mail-application\/?aanvraag=Offerte\" target=\"_self\"><div class=\"vc_single_image-wrapper   vc_box_border_grey\"><img loading=\"lazy\" decoding=\"async\" width=\"404\" height=\"180\" src=\"https:\/\/www.locomail.nl\/wp-content\/uploads\/2024\/01\/locomail-offerte-button.png\" class=\"vc_single_image-img attachment-full\" alt=\"Locomail button to request a quote\" title=\"Get a quote now!\" srcset=\"https:\/\/www.locomail.nl\/wp-content\/uploads\/2024\/01\/locomail-offerte-button.png 404w, https:\/\/www.locomail.nl\/wp-content\/uploads\/2024\/01\/locomail-offerte-button-400x178.png 400w, https:\/\/www.locomail.nl\/wp-content\/uploads\/2024\/01\/locomail-offerte-button-367x164.png 367w\" sizes=\"auto, (max-width: 404px) 100vw, 404px\" \/><\/div><\/a>\r\n\t\t<\/div>\r\n\t<\/div>\r\n<\/div><\/div><\/div><\/div><\/div><div class=\"vc_column_container col-md-6\"><div class=\"wpb_wrapper vc_column-inner\"><div class=\"vc_empty_space\"   style=\"height: 64px\"><span class=\"vc_empty_space_inner\"><\/span><\/div>\r\n\t<div class=\"wpb_single_image wpb_content_element vc_align_left\">\r\n\t\t<div class=\"wpb_wrapper\">\r\n\t\t\t\r\n\t\t\t<div class=\"vc_single_image-wrapper   vc_box_border_grey\"><img loading=\"lazy\" decoding=\"async\" width=\"450\" height=\"290\" src=\"https:\/\/www.locomail.nl\/wp-content\/uploads\/2020\/01\/overzichtsafbeelding-pop-up-kerstboom.png\" class=\"vc_single_image-img attachment-full\" alt=\"Case Direct Mailing End of Year Mailing Christmas Pop Up Card\" title=\"\" srcset=\"https:\/\/www.locomail.nl\/wp-content\/uploads\/2020\/01\/overzichtsafbeelding-pop-up-kerstboom.png 450w, https:\/\/www.locomail.nl\/wp-content\/uploads\/2020\/01\/overzichtsafbeelding-pop-up-kerstboom-400x258.png 400w, https:\/\/www.locomail.nl\/wp-content\/uploads\/2020\/01\/overzichtsafbeelding-pop-up-kerstboom-367x237.png 367w\" sizes=\"auto, (max-width: 450px) 100vw, 450px\" \/><\/div>\r\n\t\t<\/div>\r\n\t<\/div>\r\n<\/div><\/div><\/div><div class=\"vc_row wpb_row row top-row tabs_content_mail\"><div class=\"vc_column_container col-md-12\"><div class=\"wpb_wrapper vc_column-inner\"><div class=\"tabs\"><ul class=\"nav nav-tabs\"><li class=\"nav-item active\"><a href=\"#tab-81d0906c-b505-67851-0024\" id=\"tab-81d0906c-b505-67851-0024-title\" class=\"nav-link\" data-bs-toggle=\"tab\">Concept<\/a><\/li><li class=\"nav-item\"><a href=\"#tab-7ee91866-8de9-107851-0024\" id=\"tab-7ee91866-8de9-107851-0024-title\" class=\"nav-link\" data-bs-toggle=\"tab\">Address &amp; Send<\/a><\/li><\/ul><div class=\"tab-content\"><div id=\"tab-81d0906c-b505-67851-0024\" class=\"tab-pane active\"><div class=\"vc_row wpb_row vc_inner row\"><div class=\"vc_column_container col-md-4\"><div class=\"wpb_wrapper vc_column-inner\"><h2 style=\"font-size: 17px;color: #555555;line-height: 10px;font-family:Source Sans Pro;font-weight:600;font-style:normal\" class=\"vc_custom_heading align-left\" >Format<\/h2>\r\n\t<div class=\"wpb_single_image wpb_content_element vc_align_left  vc_custom_1680009305198\">\r\n\t\t<div class=\"wpb_wrapper\">\r\n\t\t\t\r\n\t\t\t<div class=\"vc_single_image-wrapper   vc_box_border_grey\"><img loading=\"lazy\" decoding=\"async\" width=\"290\" height=\"180\" src=\"https:\/\/www.locomail.nl\/wp-content\/uploads\/2020\/01\/productdetail-popup-kerstboom-1.png\" class=\"vc_single_image-img attachment-full\" alt=\"Case Direct Mailing End of Year Mailing Christmas Pop Up Card\" title=\"Locomail Direct Mailing End of Year Mailing Christmas Pop Up Card\" \/><\/div>\r\n\t\t<\/div>\r\n\t<\/div>\r\n\n\t<div class=\"wpb_text_column wpb_content_element\" >\n\t\t<div class=\"wpb_wrapper\">\n\t\t\t<p class=\"text-align:justify\">The card is produced in one piece. Dimensions of this card are 21.5 \u00d7 15 cm. This gives you enough space for an extensive message.<\/p>\n\n\t\t<\/div>\n\t<\/div>\n<\/div><\/div><div class=\"vc_column_container col-md-4\"><div class=\"wpb_wrapper vc_column-inner\"><h2 style=\"font-size: 17px;color: #555555;line-height: 10px;font-family:Source Sans Pro;font-weight:600;font-style:normal\" class=\"vc_custom_heading align-left\" >Construction<\/h2>\r\n\t<div class=\"wpb_single_image wpb_content_element vc_align_left  vc_custom_1680009353095\">\r\n\t\t<div class=\"wpb_wrapper\">\r\n\t\t\t\r\n\t\t\t<div class=\"vc_single_image-wrapper   vc_box_border_grey\"><img loading=\"lazy\" decoding=\"async\" width=\"290\" height=\"180\" src=\"https:\/\/www.locomail.nl\/wp-content\/uploads\/2020\/01\/productdetail-popup-kerstboom-2.png\" class=\"vc_single_image-img attachment-full\" alt=\"Case Direct Mailing End of Year Mailing Christmas Pop Up Card\" title=\"Locomail Direct Mailing End of Year Mailing Christmas Pop Up Card\" \/><\/div>\r\n\t\t<\/div>\r\n\t<\/div>\r\n\n\t<div class=\"wpb_text_column wpb_content_element\" >\n\t\t<div class=\"wpb_wrapper\">\n\t\t\t<p style=\"text-align: justify;\">On the inside of the card, the pop-up pops up when you open it. When you close the card again, the pop up will also fold back.<\/p>\n\n\t\t<\/div>\n\t<\/div>\n<\/div><\/div><div class=\"vc_column_container col-md-4\"><div class=\"wpb_wrapper vc_column-inner\"><h2 style=\"font-size: 17px;color: #555555;line-height: 10px;font-family:Source Sans Pro;font-weight:600;font-style:normal\" class=\"vc_custom_heading align-left\" >Pop-up Card options<\/h2>\r\n\t<div class=\"wpb_single_image wpb_content_element vc_align_left  vc_custom_1680009401485\">\r\n\t\t<div class=\"wpb_wrapper\">\r\n\t\t\t\r\n\t\t\t<div class=\"vc_single_image-wrapper   vc_box_border_grey\"><img loading=\"lazy\" decoding=\"async\" width=\"290\" height=\"180\" src=\"https:\/\/www.locomail.nl\/wp-content\/uploads\/2020\/01\/productdetail-popup-kerstboom-3.png\" class=\"vc_single_image-img attachment-full\" alt=\"Case Direct Mailing End-of-year mailing Cherry Pop Up Card\" title=\"Locomail Direct Mailing End of Year Mailing Christmas Pop Up Card\" \/><\/div>\r\n\t\t<\/div>\r\n\t<\/div>\r\n\n\t<div class=\"wpb_text_column wpb_content_element\" >\n\t\t<div class=\"wpb_wrapper\">\n\t\t\t<p style=\"text-align: justify;\">A matching envelope in suitable colors has been chosen for this Pop-up Card. The card is available with and without an envelope. Ask for the possibilities.<\/p>\n\n\t\t<\/div>\n\t<\/div>\n<\/div><\/div><\/div><\/div><div id=\"tab-7ee91866-8de9-107851-0024\" class=\"tab-pane\"><div class=\"vc_row wpb_row vc_inner row\"><div class=\"vc_column_container col-md-4\"><div class=\"wpb_wrapper vc_column-inner\"><h2 style=\"font-size: 17px;color: #555555;line-height: 10px;font-family:Source Sans Pro;font-weight:600;font-style:normal\" class=\"vc_custom_heading align-left\" >Addressing<\/h2>\r\n\t<div class=\"wpb_single_image wpb_content_element vc_align_left\">\r\n\t\t<div class=\"wpb_wrapper\">\r\n\t\t\t\r\n\t\t\t<div class=\"vc_single_image-wrapper   vc_box_border_grey\"><img loading=\"lazy\" decoding=\"async\" width=\"290\" height=\"180\" src=\"https:\/\/www.locomail.nl\/wp-content\/uploads\/2014\/03\/Product-detail-ootb3.png\" class=\"vc_single_image-img attachment-full\" alt=\"Direct Mailing Address\" title=\"Locomail Direct Mailing Address\" \/><\/div>\r\n\t\t<\/div>\r\n\t<\/div>\r\n\n\t<div class=\"wpb_text_column wpb_content_element\" >\n\t\t<div class=\"wpb_wrapper\">\n\t\t\t<p style=\"text-align:justify\">We can address your striking mailing. We can have the name and address details printed on the envelope at an additional cost. We leave it up to you whether you want to send the mailing yourself or via LocoMail.<\/p>\n\n\t\t<\/div>\n\t<\/div>\n<\/div><\/div><div class=\"vc_column_container col-md-4\"><div class=\"wpb_wrapper vc_column-inner\"><h2 style=\"font-size: 17px;color: #555555;line-height: 10px;font-family:Source Sans Pro;font-weight:600;font-style:normal\" class=\"vc_custom_heading align-left\" >Postage rate<\/h2>\r\n\t<div class=\"wpb_single_image wpb_content_element vc_align_left\">\r\n\t\t<div class=\"wpb_wrapper\">\r\n\t\t\t\r\n\t\t\t<div class=\"vc_single_image-wrapper   vc_box_border_grey\"><img loading=\"lazy\" decoding=\"async\" width=\"290\" height=\"180\" src=\"https:\/\/www.locomail.nl\/wp-content\/uploads\/2014\/03\/Product-detail-ootb2.png\" class=\"vc_single_image-img attachment-full\" alt=\"Direct Mailing PostNL\" title=\"Locomail Direct Mailing PostNL\" \/><\/div>\r\n\t\t<\/div>\r\n\t<\/div>\r\n\n\t<div class=\"wpb_text_column wpb_content_element\" >\n\t\t<div class=\"wpb_wrapper\">\n\t\t\t<p style=\"text-align: justify;\">If desired, we can send your eye-catching mailing. Depending on the product, quantity and lead time, we can determine which shipping service suits you best.<\/p>\n\n\t\t<\/div>\n\t<\/div>\n<\/div><\/div><\/div><\/div><\/div><\/div><\/div><\/div><\/div><div class=\"vc_row wpb_row row top-row\"><div class=\"vc_column_container col-md-12\"><div class=\"wpb_wrapper vc_column-inner\"><h2 style=\"font-family:Abril Fatface;font-weight:400;font-style:normal\" class=\"vc_custom_heading align-left\" >Successful examples Pop-up Cards mailings<\/h2>\n\t<div class=\"wpb_text_column wpb_content_element\" >\n\t\t<div class=\"wpb_wrapper\">\n\t\t\t\r\n\t\t<div class=\"sp_wpspwpost_static wpspw-design-1 wpspw-grid-4 wpspw-clearfix\">\r\n\r\n\t\t\t\r\n<div class=\"wpspw-post-grid wpspw-medium-3 wpspw-columns first\">\r\n\t<div class=\"wpspw-post-grid-content\">\r\n\r\n\t\t\t\t\t<div class=\"wpspw-post-image-bg\">\r\n\t\t\t\t<a href=\"https:\/\/www.locomail.nl\/en\/anthogyr-deploys-detailed-2d-pop-up-card-as-direct-mailing\/\">\r\n\t\t\t\t\t<img decoding=\"async\" src=\"https:\/\/www.locomail.nl\/wp-content\/uploads\/2021\/06\/pop-up-anthogyr-uitgelicht.jpg\" alt=\"Anthogyr uses detailed 2D Pop-up Card as direct mailing\" \/>\r\n\t\t\t\t<\/a>\r\n\t\t\t<\/div>\r\n\t\t\t\t\t<div class=\"wpspw-post-categories\"><a href=\"https:\/\/www.locomail.nl\/en\/category\/blog\/\">Blog<\/a> <a href=\"https:\/\/www.locomail.nl\/en\/category\/case\/\">Case<\/a> <a href=\"https:\/\/www.locomail.nl\/en\/category\/cases\/\">Cases<\/a> <a href=\"https:\/\/www.locomail.nl\/en\/category\/last-added-2\/\">Last added<\/a> <a href=\"https:\/\/www.locomail.nl\/en\/category\/pop-up-card\/\">Pop-up Card<\/a><\/div>\r\n\t\t\r\n\t\t<h2 class=\"wpspw-post-title\">\r\n\t\t\t<a href=\"https:\/\/www.locomail.nl\/en\/anthogyr-deploys-detailed-2d-pop-up-card-as-direct-mailing\/\">Anthogyr uses detailed 2D Pop-up Card as direct mailing<\/a>\r\n\t\t<\/h2>\r\n\r\n\t\t\t\t\t<div class=\"wpspw-post-date\">\r\n\t\t\t\t\t\t\t\t\t<span>\r\n\t\t\t\t\t\tBy <a href=\"https:\/\/www.locomail.nl\/en\/author\/direct\/\">Locomail<\/a>\r\n\t\t\t\t\t<\/span>\r\n\t\t\t\t&nbsp;\/ September 8, 2021\t\t\t<\/div>\r\n\t\t\t\t\t<div class=\"wpspw-post-content\">\r\n\t\t\t\t\t\t\t\t\t<div>\r\n\t\t\t\t\t\tAnthogyr, a company that produces dental implants, sent our 2D Pop-up card to inform customers about their Simeda Steg System....\t\t\t\t\t<\/div>\r\n\t\t\t\t\t<a class=\"wpspw-readmorebtn\" href=\"https:\/\/www.locomail.nl\/en\/anthogyr-deploys-detailed-2d-pop-up-card-as-direct-mailing\/\">Read More<\/a>\r\n\t\t\t\t\t\t\t<\/div>\r\n\t\t\t<\/div>\r\n<\/div>\r\n<div class=\"wpspw-post-grid wpspw-medium-3 wpspw-columns\">\r\n\t<div class=\"wpspw-post-grid-content\">\r\n\r\n\t\t\t\t\t<div class=\"wpspw-post-image-bg\">\r\n\t\t\t\t<a href=\"https:\/\/www.locomail.nl\/en\/new-twist-pop-up-card-for-remeha\/\">\r\n\t\t\t\t\t<img decoding=\"async\" src=\"https:\/\/www.locomail.nl\/wp-content\/uploads\/2021\/06\/Uitgelichte_afbeeldingen-4.jpg\" alt=\"New Twist Pop-up Card for Remeha\" \/>\r\n\t\t\t\t<\/a>\r\n\t\t\t<\/div>\r\n\t\t\t\t\t<div class=\"wpspw-post-categories\"><a href=\"https:\/\/www.locomail.nl\/en\/category\/case\/\">Case<\/a> <a href=\"https:\/\/www.locomail.nl\/en\/category\/cases\/\">Cases<\/a> <a href=\"https:\/\/www.locomail.nl\/en\/category\/last-added-2\/\">Last added<\/a> <a href=\"https:\/\/www.locomail.nl\/en\/category\/pop-up\/\">popup<\/a> <a href=\"https:\/\/www.locomail.nl\/en\/category\/pop-up-card\/\">Pop-up Card<\/a><\/div>\r\n\t\t\r\n\t\t<h2 class=\"wpspw-post-title\">\r\n\t\t\t<a href=\"https:\/\/www.locomail.nl\/en\/new-twist-pop-up-card-for-remeha\/\">New Twist Pop-up Card for Remeha<\/a>\r\n\t\t<\/h2>\r\n\r\n\t\t\t\t\t<div class=\"wpspw-post-date\">\r\n\t\t\t\t\t\t\t\t\t<span>\r\n\t\t\t\t\t\tBy <a href=\"https:\/\/www.locomail.nl\/en\/author\/direct\/\">Locomail<\/a>\r\n\t\t\t\t\t<\/span>\r\n\t\t\t\t&nbsp;\/ 5 August 2021\t\t\t<\/div>\r\n\t\t\t\t\t<div class=\"wpspw-post-content\">\r\n\t\t\t\t\t\t\t\t\t<div>\r\n\t\t\t\t\t\tLocoMail is always developing new direct mail products. Our latest addition is the Twist pop-up card,...\t\t\t\t\t<\/div>\r\n\t\t\t\t\t<a class=\"wpspw-readmorebtn\" href=\"https:\/\/www.locomail.nl\/en\/new-twist-pop-up-card-for-remeha\/\">Read More<\/a>\r\n\t\t\t\t\t\t\t<\/div>\r\n\t\t\t<\/div>\r\n<\/div>\r\n<div class=\"wpspw-post-grid wpspw-medium-3 wpspw-columns\">\r\n\t<div class=\"wpspw-post-grid-content\">\r\n\r\n\t\t\t\t\t<div class=\"wpspw-post-image-bg\">\r\n\t\t\t\t<a href=\"https:\/\/www.locomail.nl\/en\/rider-uses-pop-up-card-for-18-year-anniversary\/\">\r\n\t\t\t\t\t<img decoding=\"async\" src=\"https:\/\/www.locomail.nl\/wp-content\/uploads\/2021\/05\/uitgelichte-deruiter-afbeeldingen.jpg\" alt=\"De Ruiter uses Pop-up Card for 18th anniversary\" \/>\r\n\t\t\t\t<\/a>\r\n\t\t\t<\/div>\r\n\t\t\t\t\t<div class=\"wpspw-post-categories\"><a href=\"https:\/\/www.locomail.nl\/en\/category\/blog\/\">Blog<\/a> <a href=\"https:\/\/www.locomail.nl\/en\/category\/case\/\">Case<\/a> <a href=\"https:\/\/www.locomail.nl\/en\/category\/cases\/\">Cases<\/a> <a href=\"https:\/\/www.locomail.nl\/en\/category\/last-added-2\/\">Last added<\/a> <a href=\"https:\/\/www.locomail.nl\/en\/category\/pop-up-card\/\">Pop-up Card<\/a><\/div>\r\n\t\t\r\n\t\t<h2 class=\"wpspw-post-title\">\r\n\t\t\t<a href=\"https:\/\/www.locomail.nl\/en\/rider-uses-pop-up-card-for-18-year-anniversary\/\">De Ruiter uses Pop-up Card for 18th anniversary<\/a>\r\n\t\t<\/h2>\r\n\r\n\t\t\t\t\t<div class=\"wpspw-post-date\">\r\n\t\t\t\t\t\t\t\t\t<span>\r\n\t\t\t\t\t\tBy <a href=\"https:\/\/www.locomail.nl\/en\/author\/direct\/\">Locomail<\/a>\r\n\t\t\t\t\t<\/span>\r\n\t\t\t\t&nbsp;\/ 6 May 2021\t\t\t<\/div>\r\n\t\t\t\t\t<div class=\"wpspw-post-content\">\r\n\t\t\t\t\t\t\t\t\t<div>\r\n\t\t\t\t\t\tDe Ruiter, a company that develops and supplies innovative vegetable seeds, wanted to celebrate the 18th anniversary of their Admiro tomato...\t\t\t\t\t<\/div>\r\n\t\t\t\t\t<a class=\"wpspw-readmorebtn\" href=\"https:\/\/www.locomail.nl\/en\/rider-uses-pop-up-card-for-18-year-anniversary\/\">Read More<\/a>\r\n\t\t\t\t\t\t\t<\/div>\r\n\t\t\t<\/div>\r\n<\/div>\r\n<div class=\"wpspw-post-grid wpspw-medium-3 wpspw-columns\">\r\n\t<div class=\"wpspw-post-grid-content\">\r\n\r\n\t\t\t\t\t<div class=\"wpspw-post-image-bg\">\r\n\t\t\t\t<a href=\"https:\/\/www.locomail.nl\/en\/jump-cube-as-direct-mail-for-raeline\/\">\r\n\t\t\t\t\t<img decoding=\"async\" src=\"https:\/\/www.locomail.nl\/wp-content\/uploads\/2020\/09\/Uitgelichte_afbeeldingen-3.jpg\" alt=\"Spring cube as direct mail for Raedelijn\" \/>\r\n\t\t\t\t<\/a>\r\n\t\t\t<\/div>\r\n\t\t\t\t\t<div class=\"wpspw-post-categories\"><a href=\"https:\/\/www.locomail.nl\/en\/category\/case\/\">Case<\/a> <a href=\"https:\/\/www.locomail.nl\/en\/category\/cases\/\">Cases<\/a> <a href=\"https:\/\/www.locomail.nl\/en\/category\/last-added-2\/\">Last added<\/a> <a href=\"https:\/\/www.locomail.nl\/en\/category\/ootb\/\">Out of the Box<\/a> <a href=\"https:\/\/www.locomail.nl\/en\/category\/pop-up-card\/\">Pop-up Card<\/a><\/div>\r\n\t\t\r\n\t\t<h2 class=\"wpspw-post-title\">\r\n\t\t\t<a href=\"https:\/\/www.locomail.nl\/en\/jump-cube-as-direct-mail-for-raeline\/\">Spring cube as direct mail for Raedelijn<\/a>\r\n\t\t<\/h2>\r\n\r\n\t\t\t\t\t<div class=\"wpspw-post-date\">\r\n\t\t\t\t\t\t\t\t\t<span>\r\n\t\t\t\t\t\tBy <a href=\"https:\/\/www.locomail.nl\/en\/author\/direct\/\">Locomail<\/a>\r\n\t\t\t\t\t<\/span>\r\n\t\t\t\t&nbsp;\/ September 24, 2020\t\t\t<\/div>\r\n\t\t\t\t\t<div class=\"wpspw-post-content\">\r\n\t\t\t\t\t\t\t\t\t<div>\r\n\t\t\t\t\t\tRaedelijn has used the Out of The Box spring cube as direct mail. Raedelijn has chosen to use the spring...\t\t\t\t\t<\/div>\r\n\t\t\t\t\t<a class=\"wpspw-readmorebtn\" href=\"https:\/\/www.locomail.nl\/en\/jump-cube-as-direct-mail-for-raeline\/\">Read More<\/a>\r\n\t\t\t\t\t\t\t<\/div>\r\n\t\t\t<\/div>\r\n<\/div>\r\n\t\t\t\t\t\t\t<div class=\"wpspw_pagination wpspw-numeric wpspw-clearfix\">\r\n\t\t\t\t\t<span aria-current=\"page\" class=\"page-numbers current\">1<\/span>\n<a class=\"page-numbers\" href=\"https:\/\/www.locomail.nl\/wp-json\/wp\/v2\/pages\/14351\/page\/2\/\">2<\/a>\n<a class=\"page-numbers\" href=\"https:\/\/www.locomail.nl\/wp-json\/wp\/v2\/pages\/14351\/page\/3\/\">3<\/a>\n<span class=\"page-numbers dots\">\u2026<\/span>\n<a class=\"page-numbers\" href=\"https:\/\/www.locomail.nl\/wp-json\/wp\/v2\/pages\/14351\/page\/5\/\">5<\/a>\n<a class=\"next page-numbers\" href=\"https:\/\/www.locomail.nl\/wp-json\/wp\/v2\/pages\/14351\/page\/2\/\">Next \"<\/a>\t\t\t\t<\/div>\r\n\t\t\t\t\t<\/div>\r\n\r\n\t\n\n\t\t<\/div>\n\t<\/div>\n<\/div><\/div><\/div>\n<\/section>","protected":false},"excerpt":{"rendered":"Raedelijn used the Out of The Box spring cube as direct mail. Raedelijn chose to use the spring cube direct mail to convey information about who they are to the recipient. In addition, they also tell what they do and what they stand for. The Spring cube direct mail is [...]","protected":false},"author":1,"featured_media":0,"parent":7354,"menu_order":0,"comment_status":"closed","ping_status":"closed","template":"","meta":{"_seopress_robots_primary_cat":"","_seopress_titles_title":"Pop Up kaart uit \u00e9\u00e9n deel | LocoMail zakelijke mailings","_seopress_titles_desc":"Een Pop Up kaart uit \u00e9\u00e9n deel geeft u de mogelijkheid om een diret mailing voor een voordelige prijs te resaliseren. Inclusief full colour bedrukking","_seopress_robots_index":"","footnotes":""},"class_list":["post-14351","page","type-page","status-publish","hentry"],"_links":{"self":[{"href":"https:\/\/www.locomail.nl\/en\/wp-json\/wp\/v2\/pages\/14351","targetHints":{"allow":["GET"]}}],"collection":[{"href":"https:\/\/www.locomail.nl\/en\/wp-json\/wp\/v2\/pages"}],"about":[{"href":"https:\/\/www.locomail.nl\/en\/wp-json\/wp\/v2\/types\/page"}],"author":[{"embeddable":true,"href":"https:\/\/www.locomail.nl\/en\/wp-json\/wp\/v2\/users\/1"}],"replies":[{"embeddable":true,"href":"https:\/\/www.locomail.nl\/en\/wp-json\/wp\/v2\/comments?post=14351"}],"version-history":[{"count":0,"href":"https:\/\/www.locomail.nl\/en\/wp-json\/wp\/v2\/pages\/14351\/revisions"}],"up":[{"embeddable":true,"href":"https:\/\/www.locomail.nl\/en\/wp-json\/wp\/v2\/pages\/7354"}],"wp:attachment":[{"href":"https:\/\/www.locomail.nl\/en\/wp-json\/wp\/v2\/media?parent=14351"}],"curies":[{"name":"wp","href":"https:\/\/api.w.org\/{rel}","templated":true}]}}